
{"id":3241,"date":"2018-12-21T02:20:22","date_gmt":"2018-12-21T02:20:22","guid":{"rendered":"http:\/\/localhost\/www.yvesdore.ca?page_id=3241"},"modified":"2025-10-23T02:16:14","modified_gmt":"2025-10-23T02:16:14","slug":"in-the-media","status":"publish","type":"page","link":"https:\/\/www.yvesdore.ca\/en\/in-the-media\/","title":{"rendered":"In the media"},"content":{"rendered":"<div class=\"wpb-content-wrapper\">[vc_row full_width=&#8221;stretch_row&#8221;][vc_column css=&#8221;.vc_custom_1544733364015{padding-bottom: 0px !important;}&#8221;][vc_column_text]\n<h1 class=\"display-2 special-title\" style=\"text-align: center;\"><small>IN THE<\/small>Media<\/h1>\n[\/vc_column_text][\/vc_column][vc_column width=&#8221;2\/3&#8243; offset=&#8221;vc_col-lg-offset-2 vc_col-lg-8&#8243;][vc_column_text css=&#8221;&#8221;]\n<h3 style=\"text-align: center;\">Journal le Versant de St-Bruno &#8211; Serge Savard<\/h3>\n[\/vc_column_text][vc_gallery type=&#8221;flexslider_slide&#8221; interval=&#8221;3&#8243; images=&#8221;9055&#8243; img_size=&#8221;large&#8221; onclick=&#8221;&#8221; css=&#8221;&#8221;][vc_column_text css=&#8221;&#8221;]\n<h3 style=\"text-align: center;\">Folium magazine Argentina<\/h3>\n<p style=\"text-align: center;\"><a href=\"https:\/\/issuu.com\/marotfoliumart\/docs\/fm_es_07\" target=\"_blank\" rel=\"noopener\">Link to the article<\/a><\/p>\n[\/vc_column_text][vc_gallery type=&#8221;flexslider_slide&#8221; interval=&#8221;3&#8243; images=&#8221;7397,7454,7452&#8243; img_size=&#8221;large&#8221; onclick=&#8221;&#8221; css=&#8221;&#8221;][vc_column_text]\n<h3 style=\"text-align: center;\">\u00c9mergence Magazine Qu\u00e9bec &#8211; Portfolio 2024<\/h3>\n[\/vc_column_text][vc_gallery type=&#8221;flexslider_slide&#8221; interval=&#8221;3&#8243; images=&#8221;7049&#8243; img_size=&#8221;large&#8221; onclick=&#8221;&#8221;][vc_column_text]\n<h3 style=\"text-align: center;\">Brossard Public Library &#8211; Sale<\/h3>\n[\/vc_column_text][vc_gallery type=&#8221;flexslider_slide&#8221; interval=&#8221;3&#8243; images=&#8221;7042&#8243; img_size=&#8221;large&#8221; onclick=&#8221;&#8221;][vc_column_text css=&#8221;&#8221;]\n<h3 style=\"text-align: center;\">Folium Magazine Argentina<\/h3>\n[\/vc_column_text][vc_gallery type=&#8221;flexslider_slide&#8221; interval=&#8221;3&#8243; images=&#8221;6982,6980&#8243; img_size=&#8221;large&#8221; onclick=&#8221;&#8221;][vc_column_text]\n<h3 style=\"text-align: center;\">City of Mercier buys a painting<\/h3>\n[\/vc_column_text][vc_gallery type=&#8221;flexslider_slide&#8221; interval=&#8221;3&#8243; images=&#8221;6575&#8243; img_size=&#8221;large&#8221; onclick=&#8221;&#8221;][vc_column_text]\n<h3 style=\"text-align: center;\">Interview with Miss Rey<\/h3>\n[\/vc_column_text][vc_video link=&#8221;https:\/\/www.facebook.com\/CleaReynolds\/videos\/1424772481066883\/&#8221; align=&#8221;center&#8221;][vc_column_text]\n<h3 style=\"text-align: center;\">Interview at COG\u00c9CO TV Saint-Ad\u00e8le<\/h3>\n[\/vc_column_text][vc_gallery type=&#8221;flexslider_slide&#8221; interval=&#8221;3&#8243; images=&#8221;8106&#8243; img_size=&#8221;large&#8221; onclick=&#8221;&#8221; css=&#8221;&#8221;][vc_column_text]\n<h3 style=\"text-align: center;\">Yves Dor\u00e9 painter at Vall\u00e9e des Arts with Ga\u00ebtane\u00a0Voyer<\/h3>\n[\/vc_column_text][vc_video link=&#8221;https:\/\/vimeo.com\/254016688&#8243; align=&#8221;center&#8221;][vc_column_text]\n<h3 style=\"text-align: center;\">Interview with Miss Rey<\/h3>\n[\/vc_column_text][vc_video link=&#8221;https:\/\/youtu.be\/LGc9UoytD90?si=h39Oq7n6hSInoq4N&#8221; align=&#8221;center&#8221; css=&#8221;&#8221;][\/vc_column][\/vc_row][vc_row][vc_column width=&#8221;2\/3&#8243; offset=&#8221;vc_col-lg-offset-2&#8243;][vc_column_text]\n<h3 style=\"text-align: center;\">\u00c9mergence Magazine Qu\u00e9bec<\/h3>\n[\/vc_column_text][vc_gallery type=&#8221;flexslider_slide&#8221; interval=&#8221;3&#8243; images=&#8221;4839,4841,4843&#8243; img_size=&#8221;large&#8221; onclick=&#8221;&#8221;][\/vc_column][\/vc_row][vc_row][vc_column width=&#8221;2\/3&#8243; offset=&#8221;vc_col-lg-offset-2&#8243;][vc_column_text]\n<h3 style=\"text-align: center;\">Magazin&#8217;art<\/h3>\n[\/vc_column_text][vc_gallery type=&#8221;flexslider_slide&#8221; interval=&#8221;3&#8243; images=&#8221;3206,4357,4359,3203&#8243; img_size=&#8221;full&#8221; onclick=&#8221;&#8221;][\/vc_column][\/vc_row]\n<\/div>","protected":false},"excerpt":{"rendered":"<p>[vc_row full_width=&#8221;stretch_row&#8221;][vc_column css=&#8221;.vc_custom_1544733364015{padding-bottom: 0px !important;}&#8221;][vc_column_text] IN THEMedia [\/vc_column_text][\/vc_column][vc_column width=&#8221;2\/3&#8243; offset=&#8221;vc_col-lg-offset-2 vc_col-lg-8&#8243;][vc_column_text css=&#8221;&#8221;] Journal le Versant de St-Bruno &#8211; Serge Savard [\/vc_column_text][vc_gallery type=&#8221;flexslider_slide&#8221; interval=&#8221;3&#8243; images=&#8221;9055&#8243; img_size=&#8221;large&#8221; onclick=&#8221;&#8221; css=&#8221;&#8221;][vc_column_text css=&#8221;&#8221;] Folium magazine Argentina Link to the article [\/vc_column_text][vc_gallery type=&#8221;flexslider_slide&#8221; interval=&#8221;3&#8243; images=&#8221;7397,7454,7452&#8243; img_size=&#8221;large&#8221; onclick=&#8221;&#8221; css=&#8221;&#8221;][vc_column_text] \u00c9mergence Magazine Qu\u00e9bec &#8211; Portfolio 2024 [\/vc_column_text][vc_gallery type=&#8221;flexslider_slide&#8221; interval=&#8221;3&#8243; images=&#8221;7049&#8243; img_size=&#8221;large&#8221; onclick=&#8221;&#8221;][vc_column_text] Brossard Public Library &#8211; Sale [\/vc_column_text][vc_gallery [&hellip;]<\/p>\n","protected":false},"author":4,"featured_media":0,"parent":0,"menu_order":0,"comment_status":"closed","ping_status":"closed","template":"","meta":{"footnotes":""},"class_list":["post-3241","page","type-page","status-publish","hentry"],"_links":{"self":[{"href":"https:\/\/www.yvesdore.ca\/en\/wp-json\/wp\/v2\/pages\/3241","targetHints":{"allow":["GET"]}}],"collection":[{"href":"https:\/\/www.yvesdore.ca\/en\/wp-json\/wp\/v2\/pages"}],"about":[{"href":"https:\/\/www.yvesdore.ca\/en\/wp-json\/wp\/v2\/types\/page"}],"author":[{"embeddable":true,"href":"https:\/\/www.yvesdore.ca\/en\/wp-json\/wp\/v2\/users\/4"}],"replies":[{"embeddable":true,"href":"https:\/\/www.yvesdore.ca\/en\/wp-json\/wp\/v2\/comments?post=3241"}],"version-history":[{"count":23,"href":"https:\/\/www.yvesdore.ca\/en\/wp-json\/wp\/v2\/pages\/3241\/revisions"}],"predecessor-version":[{"id":9059,"href":"https:\/\/www.yvesdore.ca\/en\/wp-json\/wp\/v2\/pages\/3241\/revisions\/9059"}],"wp:attachment":[{"href":"https:\/\/www.yvesdore.ca\/en\/wp-json\/wp\/v2\/media?parent=3241"}],"curies":[{"name":"wp","href":"https:\/\/api.w.org\/{rel}","templated":true}]}}